{"id":61,"date":"2020-04-05T11:11:51","date_gmt":"2020-04-05T11:11:51","guid":{"rendered":"http:\/\/moderne-werbung.tv\/?page_id=61"},"modified":"2025-07-28T15:27:39","modified_gmt":"2025-07-28T15:27:39","slug":"agb","status":"publish","type":"page","link":"https:\/\/moderne-werbung.tv\/?page_id=61","title":{"rendered":"AGB"},"content":{"rendered":"<p>[et_pb_section fb_built=&#8220;1&#8243; _builder_version=&#8220;4.4.2&#8243; global_colors_info=&#8220;{}&#8220;][et_pb_row _builder_version=&#8220;4.4.2&#8243; global_colors_info=&#8220;{}&#8220;][et_pb_column type=&#8220;4_4&#8243; _builder_version=&#8220;4.4.2&#8243; global_colors_info=&#8220;{}&#8220;][et_pb_blurb title=&#8220;AGB&#8220; content_max_width=&#8220;1100px&#8220; _builder_version=&#8220;4.13.0&#8243; header_font=&#8220;Oswald|700|||||||&#8220; header_font_size=&#8220;92px&#8220; header_line_height=&#8220;1.5em&#8220; body_font=&#8220;Montserrat||||||||&#8220; global_colors_info=&#8220;{}&#8220;]<\/p>\n<p>&nbsp;<\/p>\n<ol>\n<li><strong>1<\/strong><strong>. Geltungsbereich<\/strong><\/li>\n<\/ol>\n<p>1.1 \u00a0\u00a0\u00a0\u00a0\u00a0\u00a0\u00a0 Stefanie M\u00f6bius, B\u00fcro f\u00fcr Moderne-Werbung.tv, Postfach 71 01 71,\u00a0 22161 Hamburg, (nachfolgend \u201eMW\u201c) vermarktet unterschiedliche Medienangebote, die \u00fcber verschiedene Plattformen (z.B. TV, IPTV, Mobildienste, Internet, SmartTV) verbreitet werden. Diese Vermarktung findet sowohl im Namen und im Auftrag des jeweiligen Medienangebotes als auch f\u00fcr einzelne, definierte Mediapakete im eigenen Namen statt.<\/p>\n<p>1.2 \u00a0\u00a0\u00a0\u00a0\u00a0\u00a0\u00a0 Die hier auf gef\u00fchrten allgemeinen Gesch\u00e4ftsbedingungen (nachfolgend \u201eAGB\u201c) regeln in Verbindung mit einem jeweils gesondert schriftlich erteilten Auftrag das Vertragsverh\u00e4ltnis der MW mit dem werbetreibenden Vertragspartner (\u201eAuftraggeber\u201c) \u00fcber die Sendung bzw. Schaltung von Werbemitteln des Auftraggebers f\u00fcr die oben genannten Mediapakete, die im eigenen Namen von MW vertrieben werden. Sofern und soweit die in dem jeweiligen Auftrag getroffenen Vereinbarungen von den Regelungen dieser AGB abweichen, gelten die in dem jeweiligen Auftrag getroffenen Vereinbarungen. Im Gegensatz dazu werden alle Auftr\u00e4ge, die im Namen eines Medienangebotes entgegengenommen werden, durch die jeweiligen AGB des Medienanbieters geregelt.<\/p>\n<p>&nbsp;<\/p>\n<ol start=\"2\">\n<li><strong> Auftragserteilung<\/strong><\/li>\n<\/ol>\n<p>2.1 \u00a0\u00a0\u00a0\u00a0\u00a0\u00a0\u00a0 Ein Auftrag im Sinne dieser AGB ist der Vertrag zwischen MW und einem Auftraggeber \u00fcber die Sendung oder Schaltung eines oder mehrerer Werbemittel auf den Distributionswegen der Medienpartner.<\/p>\n<p>2.2 \u00a0\u00a0\u00a0\u00a0\u00a0\u00a0\u00a0 Auftr\u00e4ge sind nur wirksam, wenn und soweit sie schriftlich vereinbart wurden, wobei Angebot und Annahme auch per E-Mail erfolgen k\u00f6nnen. Angebote von MW verstehen sich stets freibleibend, es sei denn MW gibt ein als verbindlich bezeichnetes Angebot ab.\u00a0<\/p>\n<p>2.3 \u00a0\u00a0\u00a0\u00a0\u00a0\u00a0\u00a0 Auftr\u00e4ge von Agenturen\/Mittlern werden nur f\u00fcr namentlich genau benannte Werbetreibende angenommen. MW ist berechtigt, sich die Vertretungsberechtigung der Agenturen\/Mittler nachweisen zu lassen.<\/p>\n<p>&nbsp;<\/p>\n<ol start=\"3\">\n<li><strong> Werbemittel, Schaltung, Sendung<\/strong><\/li>\n<\/ol>\n<p>3.1 \u00a0\u00a0\u00a0\u00a0\u00a0\u00a0\u00a0 Die Werbemittel werden im jeweiligen Auftrag n\u00e4her bezeichnet und bestehen beispielsweise aus Audio- und Videosequenzen f\u00fcr Werbespots\/-motive, Bildern und\/oder Texten, aus Tonfolgen und\/oder Bewegtbildern (u. a. Banner) oder aus einer sensitiven Fl\u00e4che, die bei Anklicken die Verbindung mittels einer vom Auftraggeber genannten Online-Adresse zu weiteren Daten herstellt, die im Bereich des Auftraggebers oder von Dritten liegen (z.B. Link).<\/p>\n<p>3.2 \u00a0\u00a0\u00a0\u00a0\u00a0\u00a0\u00a0 Grunds\u00e4tzlich ist der Auftraggeber verpflichtet, die gelieferten Werbemittel als Werbung zu kennzeichnen, soweit dies gesetzlich erforderlich ist. Werbemittel, die aufgrund ihrer Gestaltung nicht als solche erkennbar sind, k\u00f6nnen von MW als Werbung deutlich kenntlich gemacht werden, ohne dass dies der Zustimmung des Auftraggebers bedarf.<\/p>\n<p>3.3 \u00a0\u00a0\u00a0\u00a0\u00a0\u00a0\u00a0 Sofern und soweit die Parteien im jeweiligen Auftrag nicht etwas anderes vereinbaren, kann MW nach eigenem Ermessen folgende Festlegungen treffen:<\/p>\n<ul>\n<li>das Umfeld (z.B. Programm, Sendung, Internetseite\/- bereich, Werbeblock, Position), in dem das jeweilige Werbemittel platziert wird,<\/li>\n<li>die Zeiten der Schaltung bzw. Sendung des jeweiligen Werbemittels.<\/li>\n<\/ul>\n<p>Geringf\u00fcgige zeitliche Verschiebungen der Sendung bzw. des jeweiligen Schaltungszeitraums des Werbemittels, d.h. bis zu zwei Stunden fr\u00fcher oder sp\u00e4ter als vereinbart, gelten als vertragsgem\u00e4\u00dfe Erf\u00fcllung durch MW.\u00a0<\/p>\n<p>3.4 \u00a0\u00a0\u00a0\u00a0\u00a0\u00a0\u00a0 Vorbehaltlich einer anderweitigen im Auftrag getroffenen Vereinbarung, liegt die Entscheidung \u00fcber inhaltliche Gestaltung des Umfeldes allein bei MW. MW \u00fcbernimmt weder eine Garantie f\u00fcr die Anzahl von Besuchern auf Websites oder Zuschauern von Programmen w\u00e4hrend des Sende- bzw. Schaltungszeitraumes noch gew\u00e4hrt MW einen Konkurrenzausschluss gegen\u00fcber dem Auftraggeber.<\/p>\n<p>3.5 \u00a0\u00a0\u00a0\u00a0\u00a0\u00a0\u00a0 F\u00e4llt die Sendung bzw. Schaltung eines Werbemittels ganz oder teilweise aus programmlichen oder technischen Gr\u00fcnden (z.B. Serverausfall), wegen h\u00f6herer Gewalt, Streik oder aufgrund gesetzlicher Bestimmungen oder beh\u00f6rdlicher Anordnung o.\u00e4. aus, wird die Sendung bzw. Schaltung nach M\u00f6glichkeit entweder vorverlegt oder nachgeholt. MW wird den Auftraggeber hier\u00fcber sowie \u00fcber die beabsichtigten neuen Schaltungs- bzw. Sendezeiten schnellstm\u00f6glich informieren. Sofern der Auftraggeber der von MW vorgeschlagenen Vor- oder Nachverlegung der Schaltungs- bzw. Sendezeiten nicht unverz\u00fcglich, sp\u00e4testens innerhalb von zwei Werktagen,<\/p>\n<p>schriftlich widerspricht, gilt dies als Einverst\u00e4ndnis des Auftraggebers mit der vorgeschlagenen Verschiebung. F\u00fcr den Fall, dass eine Vor- oder Nachverlegung nicht m\u00f6glich ist oder f\u00fcr den Fall, dass der Auftraggeber der von MW vorgeschlagenen Verschiebung der Schaltungs- bzw. Sendezeiten schriftlich widerspricht und sich die Parteien nicht anderweitig einigen, hat der Auftraggeber ausschlie\u00dflich Anspruch auf anteilige R\u00fcckzahlung der f\u00fcr die nicht erfolgte Sendung bzw. Schaltung des jeweiligen Werbemittels bereits gezahlten Verg\u00fctung.<\/p>\n<p>&nbsp;<\/p>\n<ol start=\"4\">\n<li><strong> Daten- und Sendematerial\/Werbemittel<\/strong><\/li>\n<\/ol>\n<p>4.1 \u00a0\u00a0\u00a0\u00a0\u00a0\u00a0\u00a0 Der Auftraggeber ist verpflichtet, MW die Werbemittel in den jeweils vereinbarten Formaten, Gr\u00f6\u00dfen, Aufmachungen und sonstigen vereinbarten Vorgaben kostenfrei, vollst\u00e4ndig, richtig gekennzeichnet und rechtzeitig zur Verf\u00fcgung zu stellen, sp\u00e4testens jedoch 10 Werktage vor dem vereinbarten Sende- bzw. Schaltungstermin.\u00a0<\/p>\n<p>4.2 \u00a0\u00a0\u00a0\u00a0\u00a0\u00a0\u00a0 Die Werbemittel sind per E-Mail zu \u00fcbermitteln an: media@moderne-werbung.tv oder auf dem Postwege an: Stefanie M\u00f6bius, B\u00fcro f\u00fcr Moderne-Werbung.tv, Postfach 60 55 21, 22250 Hamburg, oder \u00fcber einen FTP-Server mit dezidiertem Zugang.<\/p>\n<p>4.3 \u00a0\u00a0\u00a0\u00a0\u00a0\u00a0\u00a0 Der Auftraggeber ist verpflichtet, MW gleichzeitig mit der \u00dcbersendung der Werbemittel die f\u00fcr die Mitteilungen an die GEMA oder andere Verwertungsgesellschaften notwendigen Angaben, insbesondere Produzent, Verlag, Komponist, Titel und L\u00e4nge der verwendeten Musik, schriftlich zu \u00fcberlassen.<\/p>\n<p>4.4 \u00a0\u00a0\u00a0\u00a0\u00a0\u00a0\u00a0 Die Pflicht von MW zur Aufbewahrung der \u00fcberlassenen Werbematerialien endet mit der letzten vertraglich vereinbarten Sendung bzw. Schaltung des Werbemittels. Nach Ende der Aufbewahrungspflicht ist MW berechtigt, die Werbemittel zu vernichten.<\/p>\n<p>4.5 \u00a0\u00a0\u00a0\u00a0\u00a0\u00a0\u00a0 MW kann dem Auftraggeber die f\u00fcr die vereinbarte Schaltung geschuldete Verg\u00fctung in Rechnung stellen, soweit die Werbemittel aus Umst\u00e4nden, die der Auftraggeber zu vertreten hat, nicht zur Sendung bzw. Schaltung kommen, insbesondere weil MW die Werbemittel nicht rechtzeitig, nicht in den vereinbarten Formaten, fehlerhaft, unvollst\u00e4ndig oder falsch gekennzeichnet zur Verf\u00fcgung gestellt wurden.<\/p>\n<p>&nbsp;<\/p>\n<ol start=\"5\">\n<li><strong> Zur\u00fcckweisung<\/strong><\/li>\n<\/ol>\n<p>5.1\u00a0\u00a0\u00a0\u00a0\u00a0\u00a0\u00a0\u00a0 MW ist in keiner Weise verpflichtet, die gelieferten Werbemittel anzusehen und zu pr\u00fcfen. MW beh\u00e4lt sich jedoch vor, in folgenden F\u00e4llen vom Auftraggeber gelieferte Werbemittel auch bei verbindlich angenommenen Auftr\u00e4gen und\/oder bereits erfolgten Sendungen bzw. Schaltungen zur\u00fcckzuweisen: &#8211; wenn nach begr\u00fcndeter Auffassung von MW der Auftraggeber eine seiner gem. Ziffer 6.2 abgegebenen Garantien verletzt, &#8211; \u00a0wenn die Werbemittel nicht den in Ziffer 4.1 vereinbarten Anforderungen entsprechen, &#8211; oder wenn die Ver\u00f6ffentlichung und Verbreitung der Inhalte der Werbemittel in sonstiger Weise f\u00fcr MW wegen des Inhaltes, der Herkunft oder der technischen Form unzumutbar sind.<\/p>\n<p>5.2 \u00a0\u00a0\u00a0\u00a0\u00a0\u00a0\u00a0 Erfolgt die Zur\u00fcckweisung aus Gr\u00fcnden, die der Auftraggeber zu vertreten hat, so ist der Auftraggeber verpflichtet, unverz\u00fcglich ein neues bzw. abge\u00e4ndertes Werbemittel zur Verf\u00fcgung zu stellen, auf das die Zur\u00fcckweisungsgr\u00fcnde nicht zutreffen. Sollte dieses Ersatzwerbemittel f\u00fcr die Einhaltung des vereinbarten Schaltungszeitpunktes nicht mehr rechtzeitig zur Verf\u00fcgung gestellt werden, beh\u00e4lt MW dessen ungeachtet den Verg\u00fctungsanspruch, so als ob die Werbeschaltung zum vereinbarten Zeitpunkt erfolgt w\u00e4re.<\/p>\n<p>\u00a05.3 \u00a0\u00a0\u00a0\u00a0\u00a0\u00a0\u00a0 Erfolgt die Zur\u00fcckweisung aus Gr\u00fcnden, die der Auftraggeber nicht zu vertreten hat, so kann dieser im Hinblick auf das zur\u00fcckgewiesene Werbemittel von dem Auftrag zur\u00fccktreten und anteilige R\u00fcckzahlung bereits geleisteter Zahlungen verlangen, soweit diese noch nicht durch Schaltungen verbraucht sind.<\/p>\n<p>&nbsp;<\/p>\n<ol start=\"6\">\n<li><strong> Nutzungsrechte, Garantien<\/strong><\/li>\n<\/ol>\n<p>6.1 \u00a0\u00a0\u00a0\u00a0\u00a0\u00a0\u00a0 Der Auftraggeber \u00fcbertr\u00e4gt auf MW s\u00e4mtliche f\u00fcr die Sendung, Schaltung oder sonstige vertragsgem\u00e4\u00dfe Nutzung der jeweiligen Werbemittelerforderlichen Rechte auf nichtausschlie\u00dflicher und \u00fcbertragbarer Basis zeitlich, \u00f6rtlich und inhaltlich in dem f\u00fcr die Durchf\u00fchrung des Auftrages notwendigen Umfang, insbesondere die Urheber-, Leistungsschutzrechte, gewerbliche Schutzrechte und sonstigen Rechte, einschlie\u00dflich der Rechte zur Vervielf\u00e4ltigung, Verbreitung, Sendung, \u00f6ffentlichen Wiedergabe und Zug\u00e4nglichmachung, Bearbeitung, Speicherung mittels aller bekannten<\/p>\n<p>technischen Verfahren sowie aller bekannten Formen des Internets.<\/p>\n<p>6.2 \u00a0\u00a0\u00a0\u00a0\u00a0\u00a0\u00a0 Der Auftraggeber garantiert, dass er alle zur auftragsgem\u00e4\u00dfen Sendung bzw. Schaltung des Werbemittels erforderlichen Rechte besitzt, dass die Werbemittel nicht Rechte Dritter (insbesondere gewerbliche Schutzrechte, Urheberrechte, Pers\u00f6nlichkeitsrechte etc.) oder gesetzliche Bestimmungen verletzen und\/oder sittlich anst\u00f6\u00dfige (insbesondere jugendgef\u00e4hrdende, rassistische, pornographische, gewaltverherrlichende, beleidigende oder obsz\u00f6ne) Inhalte aufweisen. Gleiches gilt f\u00fcr Werbemittel in Form von Links oder sonstige Verweise, mit denen auf Daten bzw. Websites Dritter zugegriffen werden kann.<\/p>\n<p>6.3 \u00a0\u00a0\u00a0\u00a0\u00a0\u00a0\u00a0 Der Auftraggeber haftet gegen\u00fcber MW f\u00fcr die Erf\u00fcllung der vorgenannten Rechts\u00fcbertragungen und Garantien und stellt MW von allen wie auch immer gearteten Anspr\u00fcchen Dritter, insbesondere von Anspr\u00fcchen presserechtlicher, wettbewerbsrechtlicher, pers\u00f6nlichkeitsrechtlicher und urheberrechtlicher Art, frei und ersetzt MW insoweit s\u00e4mtliche gegebenenfalls entstehende Sch\u00e4den, einschlie\u00dflich Rechtsverfolgungskosten.<\/p>\n<p>&nbsp;<\/p>\n<ol start=\"7\">\n<li><strong> Verg\u00fctung, Zahlungsbedingungen<\/strong><\/li>\n<\/ol>\n<p>7.1 \u00a0\u00a0\u00a0\u00a0\u00a0\u00a0\u00a0 Sofern und soweit nicht schriftlich eine andere Vereinbarung (etwa im jeweiligen Auftrag) getroffen wurde, gelten die im Zeitpunkt der Auftragserteilung aktuellen Preislisten von MW. Die Verg\u00fctungsanspr\u00fcche von MW sind nach Ablauf von 10 Kalendertagen nach Zugang der Rechnung ohne Abzug f\u00e4llig. S\u00e4mtliche an MW zu zahlenden Verg\u00fctungen verstehen sich zuz\u00fcglich gesetzlicher Umsatzsteuer.<\/p>\n<p>7.2 \u00a0\u00a0\u00a0\u00a0\u00a0\u00a0\u00a0 Bei Zahlungsverzug ist MW berechtigt, die weitere Sendung bzw. Schaltung von Werbemitteln zu unterlassen, bis der Auftraggeber die Gegenleistung bewirkt hat.<\/p>\n<p>&nbsp;<\/p>\n<ol start=\"8\">\n<li><strong> Haftung<\/strong><\/li>\n<\/ol>\n<p>MW haftet nur f\u00fcr Vorsatz und grobe Fahrl\u00e4ssigkeit. Dies gilt auch f\u00fcr Pflichtverletzungen der gesetzlichen Vertreter, Erf\u00fcllungsgehilfen und Verrichtungsgehilfen von MW. Soweit eine Pflicht verletzt wird, deren Einhaltung f\u00fcr die Erreichung des Vertragszweckes von besonderer Bedeutung ist (Kardinalpflicht) und bei einer Verletzung von Leben, K\u00f6rper oder Gesundheit, haftet MW auch f\u00fcr leichte Fahrl\u00e4ssigkeit. Die Schadensersatzpflicht jedoch auf vorhersehbare und vertragstypische Sch\u00e4den beschr\u00e4nkt. \u00a0Die Schadensersatzpflicht verj\u00e4hrt innerhalb von 12 Monaten seit ihrer Entstehung<\/p>\n<p><strong>\u00a0<\/strong><\/p>\n<ol start=\"9\">\n<li><strong> Sonstige Vereinbarungen<\/strong><\/li>\n<\/ol>\n<p>9.1 \u00a0\u00a0\u00a0\u00a0\u00a0\u00a0\u00a0 Der Auftraggeber ist verpflichtet, das geschaltete Werbemittel unverz\u00fcglich bei der ersten Sendung bzw. Schaltung zu pr\u00fcfen und etwaige Fehler unverz\u00fcglich, sp\u00e4testens jedoch innerhalb von 2 Werktagen schriftlich zu reklamieren. Nach Ablauf dieser Frist gilt ein etwaiger Fehler als genehmigt.<\/p>\n<p>9.2\u00a0\u00a0\u00a0\u00a0\u00a0\u00a0\u00a0\u00a0 Der Auftraggeber darf gegen\u00fcber MW nur mit unbestrittenen oder rechtskr\u00e4ftig festgestellten Forderungen aufrechnen.<\/p>\n<p><strong>\u00a0<\/strong><\/p>\n<ol start=\"10\">\n<li><strong> Schlussvereinbarungen<\/strong><\/li>\n<\/ol>\n<p>10.1 \u00a0\u00a0\u00a0\u00a0\u00a0 Sind oder werden einzelne Vertragsbestimmungen einschlie\u00dflich dieser AGB unwirksam, so bleibt die G\u00fcltigkeit der sonstigen Vertragsbestimmungen hiervon unber\u00fchrt. Ung\u00fcltige Bestimmungen sind einvernehmlich durch solche zu ersetzen, die dem wirtschaftlich von den Parteien gewollten Zweck entsprechen. Gleiches gilt im Falle eventueller Regelungsl\u00fccken.<\/p>\n<p>10.2 \u00a0\u00a0\u00a0\u00a0\u00a0 Vertrags\u00e4nderungen und Vertragserg\u00e4nzungen einschlie\u00dflich der AGB bed\u00fcrfen zu ihrer Rechtswirksamkeit der Schriftform. Das Gleiche gilt f\u00fcr den Verzicht auf das Schriftformerfordernis. Die Schriftform gilt durch \u00dcbermittlung in Form von E-Mail nach Empfang der Email als gewahrt.\u00a0 \u00a0 \u00a0<\/p>\n<p>10.3 \u00a0\u00a0\u00a0\u00a0\u00a0 Das Vertragsverh\u00e4ltnis einschlie\u00dflich dieser AGB sowie alle Streitigkeiten hieraus unterliege deutschem Recht unter Ausschluss des UN-Kaufrechts. Gerichtsstand ist Hamburg, soweit gesetzlich zul\u00e4ssig,<\/p>\n<p>&nbsp;<\/p>\n<p>Stefanie M\u00f6bius<\/p>\n<p>B\u00fcro f\u00fcr Moderne-Werbung.tv<\/p>\n<p>Postfach 71 01 71<\/p>\n<p>22161 Hamburg<\/p>\n<p>&nbsp;<\/p>\n<p>Hamburg, Februar 2021<\/p>\n<p>[\/et_pb_blurb][\/et_pb_column][\/et_pb_row][\/et_pb_section]<\/p>\n","protected":false},"excerpt":{"rendered":"<p>&nbsp; 1. Geltungsbereich 1.1 \u00a0\u00a0\u00a0\u00a0\u00a0\u00a0\u00a0 Stefanie M\u00f6bius, B\u00fcro f\u00fcr Moderne-Werbung.tv, Postfach 71 01 71,\u00a0 22161 Hamburg, (nachfolgend \u201eMW\u201c) vermarktet unterschiedliche Medienangebote, die \u00fcber verschiedene Plattformen (z.B. TV, IPTV, Mobildienste, Internet, SmartTV) verbreitet werden. Diese Vermarktung findet sowohl im Namen und im Auftrag des jeweiligen Medienangebotes als auch f\u00fcr einzelne, definierte Mediapakete im eigenen Namen statt. [&hellip;]<\/p>\n","protected":false},"author":1,"featured_media":0,"parent":0,"menu_order":0,"comment_status":"closed","ping_status":"closed","template":"","meta":{"_et_pb_use_builder":"on","_et_pb_old_content":"<!-- wp:divi\/placeholder \/-->","_et_gb_content_width":""},"_links":{"self":[{"href":"https:\/\/moderne-werbung.tv\/index.php?rest_route=\/wp\/v2\/pages\/61"}],"collection":[{"href":"https:\/\/moderne-werbung.tv\/index.php?rest_route=\/wp\/v2\/pages"}],"about":[{"href":"https:\/\/moderne-werbung.tv\/index.php?rest_route=\/wp\/v2\/types\/page"}],"author":[{"embeddable":true,"href":"https:\/\/moderne-werbung.tv\/index.php?rest_route=\/wp\/v2\/users\/1"}],"replies":[{"embeddable":true,"href":"https:\/\/moderne-werbung.tv\/index.php?rest_route=%2Fwp%2Fv2%2Fcomments&post=61"}],"version-history":[{"count":7,"href":"https:\/\/moderne-werbung.tv\/index.php?rest_route=\/wp\/v2\/pages\/61\/revisions"}],"predecessor-version":[{"id":392,"href":"https:\/\/moderne-werbung.tv\/index.php?rest_route=\/wp\/v2\/pages\/61\/revisions\/392"}],"wp:attachment":[{"href":"https:\/\/moderne-werbung.tv\/index.php?rest_route=%2Fwp%2Fv2%2Fmedia&parent=61"}],"curies":[{"name":"wp","href":"https:\/\/api.w.org\/{rel}","templated":true}]}}